{"id":109,"date":"2015-02-11T21:15:59","date_gmt":"2015-02-11T21:15:59","guid":{"rendered":"http:\/\/www.frsj.pt\/site\/?page_id=109"},"modified":"2015-02-11T21:46:33","modified_gmt":"2015-02-11T21:46:33","slug":"raul-figueira-carpintaria","status":"publish","type":"page","link":"http:\/\/www.frsj.pt\/site\/?page_id=109","title":{"rendered":"Raul Figueira &#8211; Carpintaria"},"content":{"rendered":"<p style=\"text-align: justify;\">Empres\u00e1rio <strong>Raul Jo\u00e3o Louren\u00e7o Figueira<\/strong>, com atividade desde 1986, e a trabalhar por conta pr\u00f3pria desde esse mesmo ano, prestando servi\u00e7os de Carpintaria\/Marcenaria, com oficina mec\u00e2nica na Freguesia de Reguengo.<\/p>\n<p style=\"text-align: justify;\">Carpinteiro\/Marceneiro que realiza todo o tipo de trabalhos na \u00e1rea, de entre os quais, cozinhas, roupeiros com portas normais e de correr, portas interiores, escadas com ou sem grade, mesas e alguns restauros, tentando sempre a m\u00e1xima satisfa\u00e7\u00e3o dos clientes.<\/p>\n<p>&nbsp;<\/p>\n<p><strong>Morada:<\/strong> Rua da Igreja n\u00bas 31 e 33<\/p>\n<p>7300-405 Reguengo \u2013 Portalegre<\/p>\n<p><strong>Telefone:<\/strong> 245331387<\/p>\n<p><strong>Telem\u00f3vel:<\/strong> 966765107<\/p>\n<p><strong>E-mail:<\/strong> raul.figueira@hotmail.com<\/p>\n<p>&nbsp;<\/p>\n[espro-slider id=115]\n","protected":false},"excerpt":{"rendered":"<p>Empres\u00e1rio Raul Jo\u00e3o Louren\u00e7o Figueira, com atividade desde 1986, e a trabalhar por conta pr\u00f3pria desde esse mesmo ano, prestando servi\u00e7os de Carpintaria\/Marcenaria, com oficina mec\u00e2nica na Freguesia de Reguengo. Carpinteiro\/Marceneiro que realiza todo o tipo de trabalhos na \u00e1rea, de entre os quais, cozinhas, roupeiros com portas normais e de correr, portas interiores, escadas com ou sem grade, mesas e alguns restauros, tentando sempre a m\u00e1xima satisfa\u00e7\u00e3o dos clientes. &nbsp; Morada: Rua da Igreja n\u00bas 31 e 33 7300-405 Reguengo \u2013 Portalegre Telefone: 245331387 Telem\u00f3vel: 966765107 E-mail: raul.figueira@hotmail.com &nbsp; [espro-slider id=115]<\/p>\n","protected":false},"author":1,"featured_media":0,"parent":0,"menu_order":0,"comment_status":"closed","ping_status":"open","template":"","meta":{"footnotes":""},"class_list":["post-109","page","type-page","status-publish","hentry"],"_links":{"self":[{"href":"http:\/\/www.frsj.pt\/site\/index.php?rest_route=\/wp\/v2\/pages\/109"}],"collection":[{"href":"http:\/\/www.frsj.pt\/site\/index.php?rest_route=\/wp\/v2\/pages"}],"about":[{"href":"http:\/\/www.frsj.pt\/site\/index.php?rest_route=\/wp\/v2\/types\/page"}],"author":[{"embeddable":true,"href":"http:\/\/www.frsj.pt\/site\/index.php?rest_route=\/wp\/v2\/users\/1"}],"replies":[{"embeddable":true,"href":"http:\/\/www.frsj.pt\/site\/index.php?rest_route=%2Fwp%2Fv2%2Fcomments&post=109"}],"version-history":[{"count":5,"href":"http:\/\/www.frsj.pt\/site\/index.php?rest_route=\/wp\/v2\/pages\/109\/revisions"}],"predecessor-version":[{"id":127,"href":"http:\/\/www.frsj.pt\/site\/index.php?rest_route=\/wp\/v2\/pages\/109\/revisions\/127"}],"wp:attachment":[{"href":"http:\/\/www.frsj.pt\/site\/index.php?rest_route=%2Fwp%2Fv2%2Fmedia&parent=109"}],"curies":[{"name":"wp","href":"https:\/\/api.w.org\/{rel}","templated":true}]}}