{"id":155,"date":"2015-02-23T21:55:39","date_gmt":"2015-02-23T21:55:39","guid":{"rendered":"http:\/\/www.frsj.pt\/site\/?page_id=155"},"modified":"2024-09-27T11:47:38","modified_gmt":"2024-09-27T11:47:38","slug":"turismo","status":"publish","type":"page","link":"http:\/\/www.frsj.pt\/site\/?page_id=155","title":{"rendered":"Turismo"},"content":{"rendered":"\t\t<div data-elementor-type=\"wp-page\" data-elementor-id=\"155\" class=\"elementor elementor-155\">\n\t\t\t\t<div class=\"elementor-element elementor-element-a7fc6c3 e-flex e-con-boxed wpr-particle-no wpr-jarallax-no wpr-parallax-no wpr-sticky-section-no e-con e-parent\" data-id=\"a7fc6c3\" data-element_type=\"container\">\n\t\t\t\t\t<div class=\"e-con-inner\">\n\t\t\t\t<div class=\"elementor-element elementor-element-ea38f37 elementor-widget elementor-widget-heading\" data-id=\"ea38f37\" data-element_type=\"widget\" data-widget_type=\"heading.default\">\n\t\t\t\t<div class=\"elementor-widget-container\">\n\t\t\t<h2 class=\"elementor-heading-title elementor-size-default\">Turismo<\/h2>\t\t<\/div>\n\t\t\t\t<\/div>\n\t\t\t\t\t<\/div>\n\t\t\t\t<\/div>\n\t\t<div class=\"elementor-element elementor-element-4b8ba18 e-flex e-con-boxed wpr-particle-no wpr-jarallax-no wpr-parallax-no wpr-sticky-section-no e-con e-parent\" data-id=\"4b8ba18\" data-element_type=\"container\">\n\t\t\t\t\t<div class=\"e-con-inner\">\n\t\t\t\t\t<\/div>\n\t\t\t\t<\/div>\n\t\t<div class=\"elementor-element elementor-element-2dbf32a5 e-flex e-con-boxed wpr-particle-no wpr-jarallax-no wpr-parallax-no wpr-sticky-section-no e-con e-parent\" data-id=\"2dbf32a5\" data-element_type=\"container\">\n\t\t\t\t\t<div class=\"e-con-inner\">\n\t\t\t\t<div class=\"elementor-element elementor-element-70d2c60d elementor-widget elementor-widget-text-editor\" data-id=\"70d2c60d\" data-element_type=\"widget\" data-widget_type=\"text-editor.default\">\n\t\t\t\t<div class=\"elementor-widget-container\">\n\t\t\t\t\t\t\tEm termos de oferta tur\u00edstica, esta \u00e9 uma Freguesia com uma oferta diversificada, por\u00e9m o Turismo de Natureza assume grande relev\u00e2ncia, devido \u00e0 localiza\u00e7\u00e3o desta em pleno Parque Natural da serra de S\u00e3o Mamede. Neste \u00e2mbito, h\u00e1 que salientar o percurso pedestre do Reguengo com cerca de 10km de extens\u00e3o, o qual, se encontra devidamente marcado com sinal\u00e9tica internacional. Ao longo do Percurso s\u00e3o vis\u00edveis diversas esp\u00e9cies de fauna e flora locais.\r\n<h3><span style=\"text-decoration: underline;\">Locais de Interesse<\/span><\/h3>\r\n&#8211; Reguengo:\r\n<ul>\r\n\t<li>N\u00facleo Rural Museu Municipal de Portalegre \u2013 Cole\u00e7\u00e3o Em\u00edlio Relvas<\/li>\r\n\t<li>Piscina Municipal do A\u00e7ude<\/li>\r\n\t<li>Igreja Paroquial do s\u00e9c. XVIII<\/li>\r\n\t<li>Casa Solarenga da Quinta da Lameira<\/li>\r\n\t<li>Pico da Serra de S\u00e3o Mamede (ponto mais alto de Portugal Continental a sul do Tejo com 1025m de altitude)<\/li>\r\n<\/ul>\r\n&nbsp;\r\n\r\n&#8211; S\u00e3o Juli\u00e3o:\r\n<ul>\r\n\t<li>Cascata do Monte Sete<\/li>\r\n\t<li>Rio X\u00e9vora<\/li>\r\n\t<li>Igreja Matriz datada de 1570 e mandada erguer por Dom Juli\u00e3o d\u2019Alva, primeiro bispo de Portalegre<\/li>\r\n\t<li>Capela do Monte Francisco<\/li>\r\n<\/ul>\r\n&nbsp;\r\n<h3><span style=\"text-decoration: underline;\">Alojamento <\/span><\/h3>\r\n&nbsp;\r\n\r\n&#8211; Reguengo:\r\n<ul>\r\n\t<li>\u00a0Quinta Vila Maria \u2013 Turismo em espa\u00e7o rural<\/li>\r\n\t<li>Quinta das Cabe\u00e7as do Reguengo \u2013 Agro e Enoturismo<\/li>\r\n<\/ul>\r\n&nbsp;\r\n\r\n&#8211; S\u00e3o Juli\u00e3o\r\n<ul>\r\n\t<li>Quinta do Soutinho \u2013 Turismo rural<\/li>\r\n<\/ul>\r\n&nbsp;\r\n<h3><span style=\"text-decoration: underline;\">Enoturismo<\/span><\/h3>\r\n&#8211; Reguengo:\r\n<ul>\r\n\t<li>Quinta da Queijeirinha<\/li>\r\n\t<li>Sonho Lusitano (Quinta do Centro)<\/li>\r\n\t<li>Quinta das Cabe\u00e7as<\/li>\r\n<\/ul>\r\n&nbsp;\r\n<h3><span style=\"text-decoration: underline;\">Dist\u00e2ncias<\/span><\/h3>\r\n<strong>Lisboa &#8211; Reguengo<\/strong>\r\n\r\nDist\u00e2ncia: 236.5Km\r\n\r\nTempo Estimado: 2h 15min\r\n\r\n<strong>Lisboa \u2013 S\u00e3o Juli\u00e3o<\/strong>\r\n\r\nDist\u00e2ncia: 248.8Km\r\n\r\nTempo Estimado: 2h 33min\r\n\r\n&nbsp;\r\n\r\n<strong>Porto \u2013 Reguengo<\/strong>\r\n\r\nDist\u00e2ncia: 303.9Km\r\n\r\nTempo Estimado: 2h 55min\r\n\r\n<strong>Porto &#8211; S\u00e3o Juli\u00e3o<\/strong>\r\n\r\nDist\u00e2ncia: 316.2Km\r\n\r\nTempo Estimado: 3h 13min\t\t\t\t\t\t<\/div>\n\t\t\t\t<\/div>\n\t\t\t\t\t<\/div>\n\t\t\t\t<\/div>\n\t\t\t\t<\/div>\n\t\t","protected":false},"excerpt":{"rendered":"<p>Turismo Em termos de oferta tur\u00edstica, esta \u00e9 uma Freguesia com uma oferta diversificada, por\u00e9m o Turismo de Natureza assume grande relev\u00e2ncia, devido \u00e0 localiza\u00e7\u00e3o desta em pleno Parque Natural da serra de S\u00e3o Mamede. Neste \u00e2mbito, h\u00e1 que salientar o percurso pedestre do Reguengo com cerca de 10km de extens\u00e3o, o qual, se encontra devidamente marcado com sinal\u00e9tica internacional. Ao longo do Percurso s\u00e3o vis\u00edveis diversas esp\u00e9cies de fauna e flora locais. Locais de Interesse &#8211; Reguengo: N\u00facleo Rural Museu Municipal de Portalegre \u2013 Cole\u00e7\u00e3o Em\u00edlio Relvas Piscina Municipal do A\u00e7ude Igreja Paroquial do s\u00e9c. XVIII Casa Solarenga da Quinta da Lameira Pico da Serra de S\u00e3o Mamede (ponto mais alto de Portugal Continental a sul do Tejo com 1025m de altitude) &nbsp; &#8211; S\u00e3o Juli\u00e3o: Cascata do Monte Sete Rio X\u00e9vora Igreja Matriz datada de 1570 e mandada erguer por Dom Juli\u00e3o d\u2019Alva, primeiro bispo de Portalegre Capela do Monte Francisco &nbsp; Alojamento &nbsp; &#8211; Reguengo: \u00a0Quinta Vila Maria \u2013 Turismo em espa\u00e7o rural Quinta das Cabe\u00e7as do Reguengo \u2013 Agro e Enoturismo &nbsp; &#8211; S\u00e3o Juli\u00e3o Quinta do Soutinho \u2013 Turismo rural &nbsp; Enoturismo &#8211; Reguengo: Quinta da Queijeirinha Sonho Lusitano (Quinta do Centro) Quinta das Cabe\u00e7as &nbsp; Dist\u00e2ncias Lisboa &#8211; Reguengo Dist\u00e2ncia: 236.5Km Tempo Estimado: 2h 15min Lisboa \u2013 S\u00e3o Juli\u00e3o Dist\u00e2ncia: 248.8Km Tempo Estimado: 2h 33min &nbsp; Porto \u2013 Reguengo Dist\u00e2ncia: 303.9Km Tempo Estimado: 2h 55min Porto &#8211; S\u00e3o Juli\u00e3o Dist\u00e2ncia: 316.2Km Tempo Estimado: 3h 13min<\/p>\n","protected":false},"author":1,"featured_media":0,"parent":0,"menu_order":0,"comment_status":"open","ping_status":"open","template":"","meta":{"footnotes":""},"class_list":["post-155","page","type-page","status-publish","hentry"],"_links":{"self":[{"href":"http:\/\/www.frsj.pt\/site\/index.php?rest_route=\/wp\/v2\/pages\/155"}],"collection":[{"href":"http:\/\/www.frsj.pt\/site\/index.php?rest_route=\/wp\/v2\/pages"}],"about":[{"href":"http:\/\/www.frsj.pt\/site\/index.php?rest_route=\/wp\/v2\/types\/page"}],"author":[{"embeddable":true,"href":"http:\/\/www.frsj.pt\/site\/index.php?rest_route=\/wp\/v2\/users\/1"}],"replies":[{"embeddable":true,"href":"http:\/\/www.frsj.pt\/site\/index.php?rest_route=%2Fwp%2Fv2%2Fcomments&post=155"}],"version-history":[{"count":19,"href":"http:\/\/www.frsj.pt\/site\/index.php?rest_route=\/wp\/v2\/pages\/155\/revisions"}],"predecessor-version":[{"id":2363,"href":"http:\/\/www.frsj.pt\/site\/index.php?rest_route=\/wp\/v2\/pages\/155\/revisions\/2363"}],"wp:attachment":[{"href":"http:\/\/www.frsj.pt\/site\/index.php?rest_route=%2Fwp%2Fv2%2Fmedia&parent=155"}],"curies":[{"name":"wp","href":"https:\/\/api.w.org\/{rel}","templated":true}]}}