{"id":167,"date":"2015-02-23T22:25:18","date_gmt":"2015-02-23T22:25:18","guid":{"rendered":"http:\/\/www.frsj.pt\/site\/?page_id=167"},"modified":"2024-09-27T11:42:17","modified_gmt":"2024-09-27T11:42:17","slug":"pnssm","status":"publish","type":"page","link":"http:\/\/www.frsj.pt\/site\/?page_id=167","title":{"rendered":"PNSSM"},"content":{"rendered":"\t\t<div data-elementor-type=\"wp-page\" data-elementor-id=\"167\" class=\"elementor elementor-167\">\n\t\t\t\t<div class=\"elementor-element elementor-element-1b698d8 e-flex e-con-boxed wpr-particle-no wpr-jarallax-no wpr-parallax-no wpr-sticky-section-no e-con e-parent\" data-id=\"1b698d8\" data-element_type=\"container\">\n\t\t\t\t\t<div class=\"e-con-inner\">\n\t\t\t\t<div class=\"elementor-element elementor-element-e20b1fd elementor-widget elementor-widget-heading\" data-id=\"e20b1fd\" data-element_type=\"widget\" data-widget_type=\"heading.default\">\n\t\t\t\t<div class=\"elementor-widget-container\">\n\t\t\t<h2 class=\"elementor-heading-title elementor-size-default\">PNSSM<\/h2>\t\t<\/div>\n\t\t\t\t<\/div>\n\t\t\t\t\t<\/div>\n\t\t\t\t<\/div>\n\t\t<div class=\"elementor-element elementor-element-aaafa30 e-flex e-con-boxed wpr-particle-no wpr-jarallax-no wpr-parallax-no wpr-sticky-section-no e-con e-parent\" data-id=\"aaafa30\" data-element_type=\"container\">\n\t\t\t\t\t<div class=\"e-con-inner\">\n\t\t\t\t\t<\/div>\n\t\t\t\t<\/div>\n\t\t<div class=\"elementor-element elementor-element-2c703a25 e-flex e-con-boxed wpr-particle-no wpr-jarallax-no wpr-parallax-no wpr-sticky-section-no e-con e-parent\" data-id=\"2c703a25\" data-element_type=\"container\">\n\t\t\t\t\t<div class=\"e-con-inner\">\n\t\t\t\t<div class=\"elementor-element elementor-element-487358a8 elementor-widget elementor-widget-text-editor\" data-id=\"487358a8\" data-element_type=\"widget\" data-widget_type=\"text-editor.default\">\n\t\t\t\t<div class=\"elementor-widget-container\">\n\t\t\t\t\t\t\t<strong>Caracteriza\u00e7\u00e3o <\/strong>\r\n\r\n<a href=\"http:\/\/www.frsj.pt\/site\/wp-content\/uploads\/2015\/02\/PNSSM-logotipo.jpg\" data-rel=\"lightbox-image-0\" data-rl_title=\"\" data-rl_caption=\"\" title=\"\"><img decoding=\"async\" class=\"alignleft size-thumbnail wp-image-213\" src=\"http:\/\/www.frsj.pt\/site\/wp-content\/uploads\/2015\/02\/PNSSM-logotipo-150x150.jpg\" alt=\"PNSSM - logotipo\" width=\"150\" height=\"150\" \/><\/a>O Parque Natural da Serra de S\u00e3o Mamede inclui o essencial da serra com o mesmo nome. Este Parque possui uma diversidade paisag\u00edstica bem expressa na variedade da sua geologia e flora existentes.\r\n\r\n\u00c0 diversidade vegetal acrescenta-se a presen\u00e7a de distintas comunidades de animais, com realce para as aves de presa.\r\n\r\nAs popula\u00e7\u00f5es paleol\u00edticas, \u00e1rabes e romanas, gente medieval, todos deixaram marcas ao longo de um territ\u00f3rio em que a agricultura foi sempre a atividade dominante\r\n\r\n<figure id=\"attachment_171\" aria-describedby=\"caption-attachment-171\" style=\"width: 644px\" class=\"wp-caption alignleft\"><a href=\"http:\/\/www.frsj.pt\/site\/wp-content\/uploads\/2015\/02\/Mapa_PNSSM.jpg\" data-rel=\"lightbox-image-1\" data-rl_title=\"\" data-rl_caption=\"\" title=\"\"><img fetchpriority=\"high\" decoding=\"async\" class=\"wp-image-171 size-full\" src=\"http:\/\/www.frsj.pt\/site\/wp-content\/uploads\/2015\/02\/Mapa_PNSSM.jpg\" alt=\"Mapa do PNSSM\" width=\"644\" height=\"736\" srcset=\"http:\/\/www.frsj.pt\/site\/wp-content\/uploads\/2015\/02\/Mapa_PNSSM.jpg 644w, http:\/\/www.frsj.pt\/site\/wp-content\/uploads\/2015\/02\/Mapa_PNSSM-263x300.jpg 263w\" sizes=\"(max-width: 644px) 100vw, 644px\" \/><\/a><figcaption id=\"caption-attachment-171\" class=\"wp-caption-text\">Mapa do PNSSM<\/figcaption><\/figure>\r\n\r\n<strong>Flora<\/strong>\r\n\r\nNo Parque existe uma diversidade flor\u00edstica consider\u00e1vel, com cerca de 800 esp\u00e9cies que aqui encontraram condi\u00e7\u00f5es ideais para o seu crescimento e desenvolvimento, apresentando caracter\u00edsticas de \u00edndole centro-europeia e mediterr\u00e2nica e caracter\u00edsticas de \u00edndole atl\u00e2ntica.\r\n\r\n&nbsp;\r\n\r\n<strong>Fauna<\/strong>\r\n\r\nA \u00e1rea do Parque \u00e9 de grande import\u00e2ncia a n\u00edvel ornitol\u00f3gico, estando, pelo Atlas das Aves do Parque Natural inventariadas cerca de 150 esp\u00e9cies, sendo que 40 nidificam no Parque.\r\n\r\nDe assinalar, ainda, a presen\u00e7a de numerosos anf\u00edbios e r\u00e9pteis, sendo esta a zona do pa\u00eds com maior n\u00famero de esp\u00e9cies destes grupos animais. Das 17 esp\u00e9cies de anf\u00edbios da fauna portuguesa, 14 podem ser encontradas na regi\u00e3o. No que respeita aos r\u00e9pteis, na zona de S. Mamede encontram-se 20 das 27 esp\u00e9cies da herpetofauna continental portuguesa.\r\n\r\n&nbsp;\r\n<h6><strong>Fonte:<\/strong> http:\/\/www.icnf.pt<\/h6>\t\t\t\t\t\t<\/div>\n\t\t\t\t<\/div>\n\t\t\t\t\t<\/div>\n\t\t\t\t<\/div>\n\t\t\t\t<\/div>\n\t\t","protected":false},"excerpt":{"rendered":"<p>PNSSM Caracteriza\u00e7\u00e3o O Parque Natural da Serra de S\u00e3o Mamede inclui o essencial da serra com o mesmo nome. Este Parque possui uma diversidade paisag\u00edstica bem expressa na variedade da sua geologia e flora existentes. \u00c0 diversidade vegetal acrescenta-se a presen\u00e7a de distintas comunidades de animais, com realce para as aves de presa. As popula\u00e7\u00f5es paleol\u00edticas, \u00e1rabes e romanas, gente medieval, todos deixaram marcas ao longo de um territ\u00f3rio em que a agricultura foi sempre a atividade dominante Flora No Parque existe uma diversidade flor\u00edstica consider\u00e1vel, com cerca de 800 esp\u00e9cies que aqui encontraram condi\u00e7\u00f5es ideais para o seu crescimento e desenvolvimento, apresentando caracter\u00edsticas de \u00edndole centro-europeia e mediterr\u00e2nica e caracter\u00edsticas de \u00edndole atl\u00e2ntica. &nbsp; Fauna A \u00e1rea do Parque \u00e9 de grande import\u00e2ncia a n\u00edvel ornitol\u00f3gico, estando, pelo Atlas das Aves do Parque Natural inventariadas cerca de 150 esp\u00e9cies, sendo que 40 nidificam no Parque. De assinalar, ainda, a presen\u00e7a de numerosos anf\u00edbios e r\u00e9pteis, sendo esta a zona do pa\u00eds com maior n\u00famero de esp\u00e9cies destes grupos animais. Das 17 esp\u00e9cies de anf\u00edbios da fauna portuguesa, 14 podem ser encontradas na regi\u00e3o. No que respeita aos r\u00e9pteis, na zona de S. Mamede encontram-se 20 das 27 esp\u00e9cies da herpetofauna continental portuguesa. &nbsp; Fonte: http:\/\/www.icnf.pt<\/p>\n","protected":false},"author":1,"featured_media":0,"parent":0,"menu_order":0,"comment_status":"open","ping_status":"open","template":"","meta":{"footnotes":""},"class_list":["post-167","page","type-page","status-publish","hentry"],"_links":{"self":[{"href":"http:\/\/www.frsj.pt\/site\/index.php?rest_route=\/wp\/v2\/pages\/167"}],"collection":[{"href":"http:\/\/www.frsj.pt\/site\/index.php?rest_route=\/wp\/v2\/pages"}],"about":[{"href":"http:\/\/www.frsj.pt\/site\/index.php?rest_route=\/wp\/v2\/types\/page"}],"author":[{"embeddable":true,"href":"http:\/\/www.frsj.pt\/site\/index.php?rest_route=\/wp\/v2\/users\/1"}],"replies":[{"embeddable":true,"href":"http:\/\/www.frsj.pt\/site\/index.php?rest_route=%2Fwp%2Fv2%2Fcomments&post=167"}],"version-history":[{"count":13,"href":"http:\/\/www.frsj.pt\/site\/index.php?rest_route=\/wp\/v2\/pages\/167\/revisions"}],"predecessor-version":[{"id":2350,"href":"http:\/\/www.frsj.pt\/site\/index.php?rest_route=\/wp\/v2\/pages\/167\/revisions\/2350"}],"wp:attachment":[{"href":"http:\/\/www.frsj.pt\/site\/index.php?rest_route=%2Fwp%2Fv2%2Fmedia&parent=167"}],"curies":[{"name":"wp","href":"https:\/\/api.w.org\/{rel}","templated":true}]}}