{"id":190,"date":"2015-03-02T22:22:53","date_gmt":"2015-03-02T22:22:53","guid":{"rendered":"http:\/\/www.frsj.pt\/site\/?page_id=190"},"modified":"2025-11-21T16:45:27","modified_gmt":"2025-11-21T16:45:27","slug":"home","status":"publish","type":"page","link":"http:\/\/www.frsj.pt\/site\/","title":{"rendered":"Bem-vindo"},"content":{"rendered":"\t\t<div data-elementor-type=\"wp-page\" data-elementor-id=\"190\" class=\"elementor elementor-190\">\n\t\t\t\t<div class=\"elementor-element elementor-element-c4c7226 e-con-full e-flex wpr-particle-no wpr-jarallax-no wpr-parallax-no wpr-sticky-section-no e-con e-parent\" data-id=\"c4c7226\" data-element_type=\"container\">\n\t\t\t\t<div class=\"elementor-element elementor-element-3f5a462 elementor-widget elementor-widget-video\" data-id=\"3f5a462\" data-element_type=\"widget\" data-settings=\"{&quot;video_type&quot;:&quot;hosted&quot;,&quot;start&quot;:0,&quot;autoplay&quot;:&quot;yes&quot;,&quot;play_on_mobile&quot;:&quot;yes&quot;,&quot;mute&quot;:&quot;yes&quot;,&quot;loop&quot;:&quot;yes&quot;}\" data-widget_type=\"video.default\">\n\t\t\t\t<div class=\"elementor-widget-container\">\n\t\t\t\t\t<div class=\"e-hosted-video elementor-wrapper elementor-open-inline\">\n\t\t\t\t\t<video class=\"elementor-video\" src=\"http:\/\/www.frsj.pt\/site\/wp-content\/uploads\/2024\/09\/Ufrsj-1Min-Short-V4-Fhd-1.mp4\" autoplay=\"\" loop=\"\" muted=\"muted\" playsinline=\"\" controlsList=\"nodownload\"><\/video>\n\t\t\t\t<\/div>\n\t\t\t\t<\/div>\n\t\t\t\t<\/div>\n\t\t\t\t<\/div>\n\t\t<div class=\"elementor-element elementor-element-54249c0 e-flex e-con-boxed wpr-particle-no wpr-jarallax-no wpr-parallax-no wpr-sticky-section-no e-con e-parent\" data-id=\"54249c0\" data-element_type=\"container\">\n\t\t\t\t\t<div class=\"e-con-inner\">\n\t\t\t\t\t<\/div>\n\t\t\t\t<\/div>\n\t\t\t\t<section class=\"elementor-section elementor-top-section elementor-element elementor-element-5f5bef170 elementor-section-boxed elementor-section-height-default elementor-section-height-default wpr-particle-no wpr-jarallax-no wpr-parallax-no wpr-sticky-section-no\" data-id=\"5f5bef170\" data-element_type=\"section\">\n\t\t\t\t\t\t<div class=\"elementor-container elementor-column-gap-default\">\n\t\t\t\t\t<div class=\"aux-parallax-section elementor-column elementor-col-100 elementor-top-column elementor-element elementor-element-2fe0690e\" data-id=\"2fe0690e\" data-element_type=\"column\">\n\t\t\t<div class=\"elementor-widget-wrap elementor-element-populated\">\n\t\t\t\t\t\t<div class=\"elementor-element elementor-element-2f16413 elementor-widget elementor-widget-heading\" data-id=\"2f16413\" data-element_type=\"widget\" data-widget_type=\"heading.default\">\n\t\t\t\t<div class=\"elementor-widget-container\">\n\t\t\t<h2 class=\"elementor-heading-title elementor-size-default\">Mensagem do Presidente<\/h2>\t\t<\/div>\n\t\t\t\t<\/div>\n\t\t\t\t\t<\/div>\n\t\t<\/div>\n\t\t\t\t\t<\/div>\n\t\t<\/section>\n\t\t<div class=\"elementor-element elementor-element-687c10c e-flex e-con-boxed wpr-particle-no wpr-jarallax-no wpr-parallax-no wpr-sticky-section-no e-con e-parent\" data-id=\"687c10c\" data-element_type=\"container\">\n\t\t\t\t\t<div class=\"e-con-inner\">\n\t\t\t\t<div class=\"elementor-element elementor-element-2c0e509 elementor-widget elementor-widget-text-editor\" data-id=\"2c0e509\" data-element_type=\"widget\" data-widget_type=\"text-editor.default\">\n\t\t\t\t<div class=\"elementor-widget-container\">\n\t\t\t\t\t\t\t<p style=\"font-weight: 400;\">Gostaria de deixar, em primeiro lugar, uma sauda\u00e7\u00e3o boas-vindas, enquanto Presidente da Uni\u00e3o das Freguesias de Reguengo e S. Juli\u00e3o, a todos quantos consultam o site desta Freguesia.<\/p><p style=\"font-weight: 400;\">Mais do que um site institucional, pretendemos aproximar as pessoas dos nossos servi\u00e7os e divulgar ao mesmo tempo o nosso territ\u00f3rio.<\/p><p style=\"font-weight: 400;\">Desde j\u00e1 deixo a todos o convite para que visitem o nosso territ\u00f3rio e conhe\u00e7am um local \u00fanico cheio de potencialidades a v\u00e1rios n\u00edveis.<\/p><p style=\"font-weight: 400;\">Esperamos por todos v\u00f3s quer seja em lazer ou mesmo em trabalho.<\/p><p style=\"font-weight: 400;\">Jorge Morais<\/p>\t\t\t\t\t\t<\/div>\n\t\t\t\t<\/div>\n\t\t\t\t\t<\/div>\n\t\t\t\t<\/div>\n\t\t<div class=\"elementor-element elementor-element-d073ddb e-flex e-con-boxed wpr-particle-no wpr-jarallax-no wpr-parallax-no wpr-sticky-section-no e-con e-parent\" data-id=\"d073ddb\" data-element_type=\"container\">\n\t\t\t\t\t<div class=\"e-con-inner\">\n\t\t\t\t<div class=\"elementor-element elementor-element-746977b elementor-widget elementor-widget-text-editor\" data-id=\"746977b\" data-element_type=\"widget\" data-widget_type=\"text-editor.default\">\n\t\t\t\t<div class=\"elementor-widget-container\">\n\t\t\t\t\t\t\t<p>Saiba mais em www.saomamede1025.pt<\/p>\t\t\t\t\t\t<\/div>\n\t\t\t\t<\/div>\n\t\t\t\t<div class=\"elementor-element elementor-element-2b7c378 elementor-widget elementor-widget-image\" data-id=\"2b7c378\" data-element_type=\"widget\" data-widget_type=\"image.default\">\n\t\t\t\t<div class=\"elementor-widget-container\">\n\t\t\t\t\t\t\t\t\t\t\t\t\t\t<a href=\"http:\/\/saomamede1025.pt\">\n\t\t\t\t\t\t\t<img fetchpriority=\"high\" decoding=\"async\" width=\"2327\" height=\"1612\" src=\"http:\/\/www.frsj.pt\/site\/wp-content\/uploads\/2024\/09\/logo-01.png\" class=\"attachment-full size-full wp-image-2214\" alt=\"\" srcset=\"http:\/\/www.frsj.pt\/site\/wp-content\/uploads\/2024\/09\/logo-01.png 2327w, http:\/\/www.frsj.pt\/site\/wp-content\/uploads\/2024\/09\/logo-01-1536x1064.png 1536w, http:\/\/www.frsj.pt\/site\/wp-content\/uploads\/2024\/09\/logo-01-2048x1419.png 2048w\" sizes=\"(max-width: 2327px) 100vw, 2327px\" \/>\t\t\t\t\t\t\t\t<\/a>\n\t\t\t\t\t\t\t\t\t\t\t\t\t<\/div>\n\t\t\t\t<\/div>\n\t\t\t\t\t<\/div>\n\t\t\t\t<\/div>\n\t\t\t\t<\/div>\n\t\t","protected":false},"excerpt":{"rendered":"<p>http:\/\/www.frsj.pt\/site\/wp-content\/uploads\/2024\/09\/Ufrsj-1Min-Short-V4-Fhd-1.mp4 Mensagem do Presidente Gostaria de deixar, em primeiro lugar, uma sauda\u00e7\u00e3o boas-vindas, enquanto Presidente da Uni\u00e3o das Freguesias de Reguengo e S. Juli\u00e3o, a todos quantos consultam o site desta Freguesia. Mais do que um site institucional, pretendemos aproximar as pessoas dos nossos servi\u00e7os e divulgar ao mesmo tempo o nosso territ\u00f3rio. Desde j\u00e1 deixo a todos o convite para que visitem o nosso territ\u00f3rio e conhe\u00e7am um local \u00fanico cheio de potencialidades a v\u00e1rios n\u00edveis. Esperamos por todos v\u00f3s quer seja em lazer ou mesmo em trabalho. Jorge Morais Saiba mais em www.saomamede1025.pt<\/p>\n","protected":false},"author":1,"featured_media":0,"parent":0,"menu_order":0,"comment_status":"closed","ping_status":"closed","template":"elementor_header_footer","meta":{"footnotes":""},"class_list":["post-190","page","type-page","status-publish","hentry"],"_links":{"self":[{"href":"http:\/\/www.frsj.pt\/site\/index.php?rest_route=\/wp\/v2\/pages\/190"}],"collection":[{"href":"http:\/\/www.frsj.pt\/site\/index.php?rest_route=\/wp\/v2\/pages"}],"about":[{"href":"http:\/\/www.frsj.pt\/site\/index.php?rest_route=\/wp\/v2\/types\/page"}],"author":[{"embeddable":true,"href":"http:\/\/www.frsj.pt\/site\/index.php?rest_route=\/wp\/v2\/users\/1"}],"replies":[{"embeddable":true,"href":"http:\/\/www.frsj.pt\/site\/index.php?rest_route=%2Fwp%2Fv2%2Fcomments&post=190"}],"version-history":[{"count":126,"href":"http:\/\/www.frsj.pt\/site\/index.php?rest_route=\/wp\/v2\/pages\/190\/revisions"}],"predecessor-version":[{"id":2712,"href":"http:\/\/www.frsj.pt\/site\/index.php?rest_route=\/wp\/v2\/pages\/190\/revisions\/2712"}],"wp:attachment":[{"href":"http:\/\/www.frsj.pt\/site\/index.php?rest_route=%2Fwp%2Fv2%2Fmedia&parent=190"}],"curies":[{"name":"wp","href":"https:\/\/api.w.org\/{rel}","templated":true}]}}