{"id":2,"date":"2015-01-17T22:41:40","date_gmt":"2015-01-17T22:41:40","guid":{"rendered":"http:\/\/www.frsj.pt\/site\/?page_id=2"},"modified":"2024-09-27T11:11:59","modified_gmt":"2024-09-27T11:11:59","slug":"sample-page","status":"publish","type":"page","link":"http:\/\/www.frsj.pt\/site\/?page_id=2","title":{"rendered":"A Freguesia"},"content":{"rendered":"\t\t<div data-elementor-type=\"wp-page\" data-elementor-id=\"2\" class=\"elementor elementor-2\">\n\t\t\t\t<div class=\"elementor-element elementor-element-a774699 e-flex e-con-boxed wpr-particle-no wpr-jarallax-no wpr-parallax-no wpr-sticky-section-no e-con e-parent\" data-id=\"a774699\" data-element_type=\"container\">\n\t\t\t\t\t<div class=\"e-con-inner\">\n\t\t\t\t<div class=\"elementor-element elementor-element-0e374f5 elementor-widget elementor-widget-heading\" data-id=\"0e374f5\" data-element_type=\"widget\" data-widget_type=\"heading.default\">\n\t\t\t\t<div class=\"elementor-widget-container\">\n\t\t\t<h2 class=\"elementor-heading-title elementor-size-default\">A Freguesia<\/h2>\t\t<\/div>\n\t\t\t\t<\/div>\n\t\t\t\t\t<\/div>\n\t\t\t\t<\/div>\n\t\t<div class=\"elementor-element elementor-element-e2c06fe e-flex e-con-boxed wpr-particle-no wpr-jarallax-no wpr-parallax-no wpr-sticky-section-no e-con e-parent\" data-id=\"e2c06fe\" data-element_type=\"container\">\n\t\t\t\t\t<div class=\"e-con-inner\">\n\t\t\t\t\t<\/div>\n\t\t\t\t<\/div>\n\t\t<div class=\"elementor-element elementor-element-42a14c98 e-flex e-con-boxed wpr-particle-no wpr-jarallax-no wpr-parallax-no wpr-sticky-section-no e-con e-parent\" data-id=\"42a14c98\" data-element_type=\"container\">\n\t\t\t\t\t<div class=\"e-con-inner\">\n\t\t\t\t<div class=\"elementor-element elementor-element-44d8b5d2 elementor-widget elementor-widget-text-editor\" data-id=\"44d8b5d2\" data-element_type=\"widget\" data-widget_type=\"text-editor.default\">\n\t\t\t\t<div class=\"elementor-widget-container\">\n\t\t\t\t\t\t\tA Uni\u00e3o das Freguesias de Reguengo e S\u00e3o Juli\u00e3o \u00e9 resultado da agrega\u00e7\u00e3o em 2013 da Freguesia de Reguengo e da Freguesia de S\u00e3o Juli\u00e3o.\r\n\r\nCom mais de 900 habitantes, a Uni\u00e3o das Freguesias de Reguengo e S\u00e3o Juli\u00e3o \u00e9 uma Freguesia rural do concelho de Portalegre localizada em pleno Parque Natural da Serra de S\u00e3o Mamede.\r\n\r\nAs suas actividades econ\u00f3micas est\u00e3o ligadas, maioritariamente, ao sector prim\u00e1rio com a produ\u00e7\u00e3o de produtos end\u00f3genos de grande qualidade. A destacar temos a produ\u00e7\u00e3o de vinho, cereja certificada, castanha, ma\u00e7\u00e3, azeitona, queijo e mel.\r\n\r\n&nbsp;\r\n\r\n<strong>Reguengo\r\n<\/strong>Orago: S. Greg\u00f3rio. \u00abReguengo\u00bb era a designa\u00e7\u00e3o que tinham as terras que eram patrim\u00f3nio do rei. \u00c9 uma freguesia com abundante vegeta\u00e7\u00e3o e \u00e1gua. Situada no caminho de Portalegre para Alegrete. A igreja paroquial data do s\u00e9culo XVIII, com uma fachada simples, com portal de um arco de volta redonda.\r\nNesta freguesia se situa a Quinta da Lameira, com uma casa solarenga do s\u00e9culo XVIII, edificada em 1783 por Jo\u00e3o da Fonseca Achaioli Coutinho. Possui uma fonte com azulejos azuis e brancos e dois tanques, um dos quais com tr\u00eas patos em m\u00e1rmore. A capela, contempor\u00e2nea do edif\u00edcio principal, tem um altar em talha do s\u00e9culo XVIII e uma bela imagem de Nossa Senhora das Dores atribu\u00edda a Machado de Castro.\r\n\r\n<strong>S\u00e3o Juli\u00e3o\r\n<\/strong>Orago: \u00c9 uma freguesia muito caracter\u00edstica pela sua localiza\u00e7\u00e3o, na Serra, e pela sua dispers\u00e3o, sendo constitu\u00edda por v\u00e1rios lugares: Raba\u00e7a, Barroc\u00e3o, Carvalhal, Casa Nova, Igreja, Alagoinha, Montinho, Monte do Meio, Monte de cima, Monte da Ribeira, Monte Sete, Moutinho e Teixinha.\t\t\t\t\t\t<\/div>\n\t\t\t\t<\/div>\n\t\t\t\t\t<\/div>\n\t\t\t\t<\/div>\n\t\t\t\t<\/div>\n\t\t","protected":false},"excerpt":{"rendered":"<p>A Freguesia A Uni\u00e3o das Freguesias de Reguengo e S\u00e3o Juli\u00e3o \u00e9 resultado da agrega\u00e7\u00e3o em 2013 da Freguesia de Reguengo e da Freguesia de S\u00e3o Juli\u00e3o. Com mais de 900 habitantes, a Uni\u00e3o das Freguesias de Reguengo e S\u00e3o Juli\u00e3o \u00e9 uma Freguesia rural do concelho de Portalegre localizada em pleno Parque Natural da Serra de S\u00e3o Mamede. As suas actividades econ\u00f3micas est\u00e3o ligadas, maioritariamente, ao sector prim\u00e1rio com a produ\u00e7\u00e3o de produtos end\u00f3genos de grande qualidade. A destacar temos a produ\u00e7\u00e3o de vinho, cereja certificada, castanha, ma\u00e7\u00e3, azeitona, queijo e mel. &nbsp; Reguengo Orago: S. Greg\u00f3rio. \u00abReguengo\u00bb era a designa\u00e7\u00e3o que tinham as terras que eram patrim\u00f3nio do rei. \u00c9 uma freguesia com abundante vegeta\u00e7\u00e3o e \u00e1gua. Situada no caminho de Portalegre para Alegrete. A igreja paroquial data do s\u00e9culo XVIII, com uma fachada simples, com portal de um arco de volta redonda. Nesta freguesia se situa a Quinta da Lameira, com uma casa solarenga do s\u00e9culo XVIII, edificada em 1783 por Jo\u00e3o da Fonseca Achaioli Coutinho. Possui uma fonte com azulejos azuis e brancos e dois tanques, um dos quais com tr\u00eas patos em m\u00e1rmore. A capela, contempor\u00e2nea do edif\u00edcio principal, tem um altar em talha do s\u00e9culo XVIII e uma bela imagem de Nossa Senhora das Dores atribu\u00edda a Machado de Castro. S\u00e3o Juli\u00e3o Orago: \u00c9 uma freguesia muito caracter\u00edstica pela sua localiza\u00e7\u00e3o, na Serra, e pela sua dispers\u00e3o, sendo constitu\u00edda por v\u00e1rios lugares: Raba\u00e7a, Barroc\u00e3o, Carvalhal, Casa Nova, Igreja, Alagoinha, Montinho, Monte do Meio, Monte de cima, Monte da Ribeira, Monte Sete, Moutinho e Teixinha.<\/p>\n","protected":false},"author":1,"featured_media":0,"parent":0,"menu_order":0,"comment_status":"open","ping_status":"open","template":"","meta":{"footnotes":""},"class_list":["post-2","page","type-page","status-publish","hentry"],"_links":{"self":[{"href":"http:\/\/www.frsj.pt\/site\/index.php?rest_route=\/wp\/v2\/pages\/2"}],"collection":[{"href":"http:\/\/www.frsj.pt\/site\/index.php?rest_route=\/wp\/v2\/pages"}],"about":[{"href":"http:\/\/www.frsj.pt\/site\/index.php?rest_route=\/wp\/v2\/types\/page"}],"author":[{"embeddable":true,"href":"http:\/\/www.frsj.pt\/site\/index.php?rest_route=\/wp\/v2\/users\/1"}],"replies":[{"embeddable":true,"href":"http:\/\/www.frsj.pt\/site\/index.php?rest_route=%2Fwp%2Fv2%2Fcomments&post=2"}],"version-history":[{"count":7,"href":"http:\/\/www.frsj.pt\/site\/index.php?rest_route=\/wp\/v2\/pages\/2\/revisions"}],"predecessor-version":[{"id":2317,"href":"http:\/\/www.frsj.pt\/site\/index.php?rest_route=\/wp\/v2\/pages\/2\/revisions\/2317"}],"wp:attachment":[{"href":"http:\/\/www.frsj.pt\/site\/index.php?rest_route=%2Fwp%2Fv2%2Fmedia&parent=2"}],"curies":[{"name":"wp","href":"https:\/\/api.w.org\/{rel}","templated":true}]}}