{"id":34,"date":"2015-01-18T22:02:53","date_gmt":"2015-01-18T22:02:53","guid":{"rendered":"http:\/\/www.frsj.pt\/site\/?page_id=34"},"modified":"2024-09-27T11:13:15","modified_gmt":"2024-09-27T11:13:15","slug":"historia","status":"publish","type":"page","link":"http:\/\/www.frsj.pt\/site\/?page_id=34","title":{"rendered":"A nossa hist\u00f3ria"},"content":{"rendered":"\t\t<div data-elementor-type=\"wp-page\" data-elementor-id=\"34\" class=\"elementor elementor-34\">\n\t\t\t\t<div class=\"elementor-element elementor-element-28e3745 e-flex e-con-boxed wpr-particle-no wpr-jarallax-no wpr-parallax-no wpr-sticky-section-no e-con e-parent\" data-id=\"28e3745\" data-element_type=\"container\">\n\t\t\t\t\t<div class=\"e-con-inner\">\n\t\t\t\t<div class=\"elementor-element elementor-element-d310cac elementor-widget elementor-widget-heading\" data-id=\"d310cac\" data-element_type=\"widget\" data-widget_type=\"heading.default\">\n\t\t\t\t<div class=\"elementor-widget-container\">\n\t\t\t<h2 class=\"elementor-heading-title elementor-size-default\">A nossa hist\u00f3ria<\/h2>\t\t<\/div>\n\t\t\t\t<\/div>\n\t\t\t\t\t<\/div>\n\t\t\t\t<\/div>\n\t\t<div class=\"elementor-element elementor-element-2471919 e-flex e-con-boxed wpr-particle-no wpr-jarallax-no wpr-parallax-no wpr-sticky-section-no e-con e-parent\" data-id=\"2471919\" data-element_type=\"container\">\n\t\t\t\t\t<div class=\"e-con-inner\">\n\t\t\t\t\t<\/div>\n\t\t\t\t<\/div>\n\t\t<div class=\"elementor-element elementor-element-43f977b4 e-flex e-con-boxed wpr-particle-no wpr-jarallax-no wpr-parallax-no wpr-sticky-section-no e-con e-parent\" data-id=\"43f977b4\" data-element_type=\"container\">\n\t\t\t\t\t<div class=\"e-con-inner\">\n\t\t\t\t<div class=\"elementor-element elementor-element-ed08d82 elementor-widget elementor-widget-text-editor\" data-id=\"ed08d82\" data-element_type=\"widget\" data-widget_type=\"text-editor.default\">\n\t\t\t\t<div class=\"elementor-widget-container\">\n\t\t\t\t\t\t\t<strong>Reguengo<\/strong>\r\n\r\nO Reguengo fica situado na encosta da Serra de S\u00e3o Mamede. A hist\u00f3ria do Reguengo \u00e9 muito antiga, pensa-se que ter\u00e1 come\u00e7ado nos finais do S\u00e9culo XV. O seu nome est\u00e1 relacionado com um determinado privil\u00e9gio real que era dado nos primeiros s\u00e9culos da monarquia a algumas povoa\u00e7\u00f5es. Descrito pelo \u201cAlmanaque Alentejano\u201d : <em>\u201cNo tempo em que o Senhor Rei D. Jo\u00e3o o Terceiro, eram aqui terras coutadas e por isso t\u00eam o nome de Reguengo, pela regalia que logravam naquele tempo estas terras o qual senhor movido de piedade crist\u00e3 e vendo que os couteiros n\u00e3o ouviam missa muitos dias instituiu na Ermida de S. Greg\u00f3rio Magno que hoje \u00e9 freguesia um capel\u00e3o para que dissesse missa na tal igreja todos os domingos e Santos de guarda e passando esta Ermida de filial da S\u00e9 de Portalegre para freguesia conservou o t\u00edtulo de capela de S. Greg\u00f3rio.\u201d<\/em>\r\n\r\n<strong>S\u00e3o Juli\u00e3o<\/strong>\r\n\r\nA cria\u00e7\u00e3o de S\u00e3o Juli\u00e3o, est\u00e1 indiscutivelmente ligada ao testamento deixado por D. Juli\u00e3o d\u2019Alva, primeiro Bispo de Portalegre. Tal inten\u00e7\u00e3o e desejo foram cimentados, ap\u00f3s uma visita \u00e0quelas gentes, enquanto bispo desta Diocese, entre 1550 e 1560.\r\n<ol>\r\n\t<li>Juli\u00e3o d\u2019Alva deu 50 mil r\u00e9is para a constru\u00e7\u00e3o da Igreja de S. Juli\u00e3o, para compra dos paramentos e do que mais necess\u00e1rio para naquele local se celebrar Missa. Foi tamb\u00e9m comprado um moio de trigo, na herdade do Carvalhal do Gil, para ajuda da sustenta\u00e7\u00e3o do cura que servisse a freguesia ali a criar.<\/li>\r\n<\/ol>\r\nDe facto, D. Juli\u00e3o morre em 13 de Fevereiro de 1570, como se pode ler na l\u00e1pide sobre a sua sepultura, na Capela Mor da S\u00e9 de Portalegre. E tendo por base os 70 moios de trigo pagos ao cura at\u00e9 1640, pode ligar-se a data da funda\u00e7\u00e3o de S. Juli\u00e3o exactamente ao ano do falecimento de D. Juli\u00e3o d\u2019Alva de, ou seja, 1570.\r\n\r\n&nbsp;\r\n\r\nNo testamento de D. Juli\u00e3o d\u2019Alva l\u00ea-se \u201c<em>mando, que se ao Senhor Bispo de Portalegre parecer, como me a mim parece, que ser\u00e1 servi\u00e7o de Deos Nosso Senhor fazer-se a ditta igreja ordenar por o limitte, que lhe parecer, e de minha fazenda se dem sincoenta mil reis, para ajuda de se fazer, e edifficar a dita igreja, que ser\u00e1 de invoca\u00e7\u00e3o, e orago de s. Juli\u00e3o\u2026<\/em>\u201d\t\t\t\t\t\t<\/div>\n\t\t\t\t<\/div>\n\t\t\t\t\t<\/div>\n\t\t\t\t<\/div>\n\t\t\t\t<\/div>\n\t\t","protected":false},"excerpt":{"rendered":"<p>A nossa hist\u00f3ria Reguengo O Reguengo fica situado na encosta da Serra de S\u00e3o Mamede. A hist\u00f3ria do Reguengo \u00e9 muito antiga, pensa-se que ter\u00e1 come\u00e7ado nos finais do S\u00e9culo XV. O seu nome est\u00e1 relacionado com um determinado privil\u00e9gio real que era dado nos primeiros s\u00e9culos da monarquia a algumas povoa\u00e7\u00f5es. Descrito pelo \u201cAlmanaque Alentejano\u201d : \u201cNo tempo em que o Senhor Rei D. Jo\u00e3o o Terceiro, eram aqui terras coutadas e por isso t\u00eam o nome de Reguengo, pela regalia que logravam naquele tempo estas terras o qual senhor movido de piedade crist\u00e3 e vendo que os couteiros n\u00e3o ouviam missa muitos dias instituiu na Ermida de S. Greg\u00f3rio Magno que hoje \u00e9 freguesia um capel\u00e3o para que dissesse missa na tal igreja todos os domingos e Santos de guarda e passando esta Ermida de filial da S\u00e9 de Portalegre para freguesia conservou o t\u00edtulo de capela de S. Greg\u00f3rio.\u201d S\u00e3o Juli\u00e3o A cria\u00e7\u00e3o de S\u00e3o Juli\u00e3o, est\u00e1 indiscutivelmente ligada ao testamento deixado por D. Juli\u00e3o d\u2019Alva, primeiro Bispo de Portalegre. Tal inten\u00e7\u00e3o e desejo foram cimentados, ap\u00f3s uma visita \u00e0quelas gentes, enquanto bispo desta Diocese, entre 1550 e 1560. Juli\u00e3o d\u2019Alva deu 50 mil r\u00e9is para a constru\u00e7\u00e3o da Igreja de S. Juli\u00e3o, para compra dos paramentos e do que mais necess\u00e1rio para naquele local se celebrar Missa. Foi tamb\u00e9m comprado um moio de trigo, na herdade do Carvalhal do Gil, para ajuda da sustenta\u00e7\u00e3o do cura que servisse a freguesia ali a criar. De facto, D. Juli\u00e3o morre em 13 de Fevereiro de 1570, como se pode ler na l\u00e1pide sobre a sua sepultura, na Capela Mor da S\u00e9 de Portalegre. E tendo por base os 70 moios de trigo pagos ao cura at\u00e9 1640, pode ligar-se a data da funda\u00e7\u00e3o de S. Juli\u00e3o exactamente ao ano do falecimento de D. Juli\u00e3o d\u2019Alva de, ou seja, 1570. &nbsp; No testamento de D. Juli\u00e3o d\u2019Alva l\u00ea-se \u201cmando, que se ao Senhor Bispo de Portalegre parecer, como me a mim parece, que ser\u00e1 servi\u00e7o de Deos Nosso Senhor fazer-se a ditta igreja ordenar por o limitte, que lhe parecer, e de minha fazenda se dem sincoenta mil reis, para ajuda de se fazer, e edifficar a dita igreja, que ser\u00e1 de invoca\u00e7\u00e3o, e orago de s. Juli\u00e3o\u2026\u201d<\/p>\n","protected":false},"author":1,"featured_media":0,"parent":0,"menu_order":0,"comment_status":"open","ping_status":"open","template":"","meta":{"footnotes":""},"class_list":["post-34","page","type-page","status-publish","hentry"],"_links":{"self":[{"href":"http:\/\/www.frsj.pt\/site\/index.php?rest_route=\/wp\/v2\/pages\/34"}],"collection":[{"href":"http:\/\/www.frsj.pt\/site\/index.php?rest_route=\/wp\/v2\/pages"}],"about":[{"href":"http:\/\/www.frsj.pt\/site\/index.php?rest_route=\/wp\/v2\/types\/page"}],"author":[{"embeddable":true,"href":"http:\/\/www.frsj.pt\/site\/index.php?rest_route=\/wp\/v2\/users\/1"}],"replies":[{"embeddable":true,"href":"http:\/\/www.frsj.pt\/site\/index.php?rest_route=%2Fwp%2Fv2%2Fcomments&post=34"}],"version-history":[{"count":10,"href":"http:\/\/www.frsj.pt\/site\/index.php?rest_route=\/wp\/v2\/pages\/34\/revisions"}],"predecessor-version":[{"id":2320,"href":"http:\/\/www.frsj.pt\/site\/index.php?rest_route=\/wp\/v2\/pages\/34\/revisions\/2320"}],"wp:attachment":[{"href":"http:\/\/www.frsj.pt\/site\/index.php?rest_route=%2Fwp%2Fv2%2Fmedia&parent=34"}],"curies":[{"name":"wp","href":"https:\/\/api.w.org\/{rel}","templated":true}]}}