{"id":49,"date":"2015-01-18T22:26:15","date_gmt":"2015-01-18T22:26:15","guid":{"rendered":"http:\/\/www.frsj.pt\/site\/?page_id=49"},"modified":"2024-09-27T11:15:05","modified_gmt":"2024-09-27T11:15:05","slug":"associacoes-e-instituicoes","status":"publish","type":"page","link":"http:\/\/www.frsj.pt\/site\/?page_id=49","title":{"rendered":"Associa\u00e7\u00f5es e Institui\u00e7\u00f5es"},"content":{"rendered":"\t\t<div data-elementor-type=\"wp-page\" data-elementor-id=\"49\" class=\"elementor elementor-49\">\n\t\t\t\t<div class=\"elementor-element elementor-element-7ecb647 e-flex e-con-boxed wpr-particle-no wpr-jarallax-no wpr-parallax-no wpr-sticky-section-no e-con e-parent\" data-id=\"7ecb647\" data-element_type=\"container\">\n\t\t\t\t\t<div class=\"e-con-inner\">\n\t\t\t\t<div class=\"elementor-element elementor-element-0d2986d elementor-widget elementor-widget-heading\" data-id=\"0d2986d\" data-element_type=\"widget\" data-widget_type=\"heading.default\">\n\t\t\t\t<div class=\"elementor-widget-container\">\n\t\t\t<h2 class=\"elementor-heading-title elementor-size-default\">Associa\u00e7\u00f5es e Institui\u00e7\u00f5es<\/h2>\t\t<\/div>\n\t\t\t\t<\/div>\n\t\t\t\t\t<\/div>\n\t\t\t\t<\/div>\n\t\t<div class=\"elementor-element elementor-element-f1a0615 e-flex e-con-boxed wpr-particle-no wpr-jarallax-no wpr-parallax-no wpr-sticky-section-no e-con e-parent\" data-id=\"f1a0615\" data-element_type=\"container\">\n\t\t\t\t\t<div class=\"e-con-inner\">\n\t\t\t\t\t<\/div>\n\t\t\t\t<\/div>\n\t\t<div class=\"elementor-element elementor-element-19ff54af e-flex e-con-boxed wpr-particle-no wpr-jarallax-no wpr-parallax-no wpr-sticky-section-no e-con e-parent\" data-id=\"19ff54af\" data-element_type=\"container\">\n\t\t\t\t\t<div class=\"e-con-inner\">\n\t\t\t\t<div class=\"elementor-element elementor-element-10acfbc2 elementor-widget elementor-widget-text-editor\" data-id=\"10acfbc2\" data-element_type=\"widget\" data-widget_type=\"text-editor.default\">\n\t\t\t\t<div class=\"elementor-widget-container\">\n\t\t\t\t\t\t\t<table style=\"border: 0px; width: 100%;\"><tbody><tr style=\"background-color: #fff;\"><td style=\"border: 0px; width: 200px;\"><a href=\"http:\/\/www.frsj.pt\/site\/wp-content\/uploads\/2018\/01\/ajr.jpg\" data-rel=\"lightbox-image-0\" data-rl_title=\"\" data-rl_caption=\"\" title=\"\"><img decoding=\"async\" class=\"alignleft size-thumbnail wp-image-350\" src=\"http:\/\/www.frsj.pt\/site\/wp-content\/uploads\/2018\/01\/ajr-150x150.jpg\" alt=\"ajr\" width=\"150\" height=\"150\" srcset=\"http:\/\/www.frsj.pt\/site\/wp-content\/uploads\/2018\/01\/ajr-150x150.jpg 150w, http:\/\/www.frsj.pt\/site\/wp-content\/uploads\/2018\/01\/ajr-300x300.jpg 300w, http:\/\/www.frsj.pt\/site\/wp-content\/uploads\/2018\/01\/ajr.jpg 350w\" sizes=\"(max-width: 150px) 100vw, 150px\" \/><\/a><\/td><td style=\"border: 0px; text-align: left;\"><strong>Associa\u00e7\u00e3o Reguengo Jovem<\/strong><br \/><strong>Morada: <\/strong> Largo da Igreja, 7300-405 Reguengo<br \/><strong>E-mail: <\/strong> aj.reguengo@gmail.com<br \/><strong>Facebook: <\/strong><a href=\"https:\/\/www.facebook.com\/ajreguengo\">https:\/\/www.facebook.com\/ajreguengo<\/a><\/td><\/tr><tr style=\"background-color: #fff;\"><td style=\"border: 0px; width: 200px;\"><a href=\"http:\/\/www.frsj.pt\/site\/wp-content\/uploads\/2018\/01\/acss.jpg\" data-rel=\"lightbox-image-1\" data-rl_title=\"\" data-rl_caption=\"\" title=\"\"><img decoding=\"async\" class=\"alignleft size-thumbnail wp-image-349\" src=\"http:\/\/www.frsj.pt\/site\/wp-content\/uploads\/2018\/01\/acss-150x150.jpg\" alt=\"acss\" width=\"150\" height=\"150\" srcset=\"http:\/\/www.frsj.pt\/site\/wp-content\/uploads\/2018\/01\/acss-150x150.jpg 150w, http:\/\/www.frsj.pt\/site\/wp-content\/uploads\/2018\/01\/acss-300x300.jpg 300w, http:\/\/www.frsj.pt\/site\/wp-content\/uploads\/2018\/01\/acss.jpg 350w\" sizes=\"(max-width: 150px) 100vw, 150px\" \/><\/a><\/td><td style=\"border: 0px; text-align: left;\"><strong>Associa\u00e7\u00e3o de Ca\u00e7adores da Serra de S\u00e3o Mamede<\/strong><br \/><strong>Morada: <\/strong> Largo da Igreja n.\u00ba 20, 7300 \u2013 459 S\u00e3o Juli\u00e3o<br \/><strong>Facebook: <\/strong><a href=\"https:\/\/www.facebook.com\/ACSS.Mamede\">https:\/\/www.facebook.com\/ACSS.Mamede<\/a><\/td><\/tr><tr style=\"background-color: #fff;\"><td style=\"border: 0px; width: 200px;\"><a href=\"http:\/\/www.frsj.pt\/site\/wp-content\/uploads\/2018\/01\/acr.jpg\" data-rel=\"lightbox-image-2\" data-rl_title=\"\" data-rl_caption=\"\" title=\"\"><img decoding=\"async\" class=\"alignleft size-thumbnail wp-image-348\" src=\"http:\/\/www.frsj.pt\/site\/wp-content\/uploads\/2018\/01\/acr-150x150.jpg\" alt=\"acr\" width=\"150\" height=\"150\" srcset=\"http:\/\/www.frsj.pt\/site\/wp-content\/uploads\/2018\/01\/acr-150x150.jpg 150w, http:\/\/www.frsj.pt\/site\/wp-content\/uploads\/2018\/01\/acr-300x300.jpg 300w, http:\/\/www.frsj.pt\/site\/wp-content\/uploads\/2018\/01\/acr.jpg 350w\" sizes=\"(max-width: 150px) 100vw, 150px\" \/><\/a><\/td><td style=\"border: 0px; text-align: left;\"><strong>Associa\u00e7\u00e3o de Ca\u00e7adores do Reguengo<\/strong><\/td><\/tr><tr style=\"background-color: #fff;\"><td style=\"border: 0px; width: 200px;\"><a href=\"http:\/\/www.frsj.pt\/site\/wp-content\/uploads\/2018\/01\/setemontes.jpg\" data-rel=\"lightbox-image-3\" data-rl_title=\"\" data-rl_caption=\"\" title=\"\"><img loading=\"lazy\" decoding=\"async\" class=\"alignleft size-thumbnail wp-image-353\" src=\"http:\/\/www.frsj.pt\/site\/wp-content\/uploads\/2018\/01\/setemontes-150x150.jpg\" alt=\"setemontes\" width=\"150\" height=\"150\" srcset=\"http:\/\/www.frsj.pt\/site\/wp-content\/uploads\/2018\/01\/setemontes-150x150.jpg 150w, http:\/\/www.frsj.pt\/site\/wp-content\/uploads\/2018\/01\/setemontes-300x300.jpg 300w, http:\/\/www.frsj.pt\/site\/wp-content\/uploads\/2018\/01\/setemontes.jpg 350w\" sizes=\"(max-width: 150px) 100vw, 150px\" \/><\/a><\/td><td style=\"border: 0px; text-align: left;\"><strong>Associa\u00e7\u00e3o Sete Montes<\/strong><br \/><strong>Morada: <\/strong> Barroc\u00e3o N\u00ba 3 \u2013 7300-452 S\u00e3o Juli\u00e3o<br \/><strong>E-mail: <\/strong> associacao7montes@gmail.com<br \/><strong>Telefone:<\/strong> 245 964 407<br \/><strong>Site: <\/strong><a href=\"http:\/\/www.setemontes.pt\">http:\/\/www.setemontes.pt<\/a><br \/><strong>Facebook: <\/strong><a href=\"https:\/\/www.facebook.com\/setemontes.portalegre\"> https:\/\/www.facebook.com\/setemontes.portalegre<\/a><\/td><\/tr><tr style=\"background-color: #fff;\"><td style=\"border: 0px; width: 200px;\"><a href=\"http:\/\/www.frsj.pt\/site\/wp-content\/uploads\/2018\/01\/cbesr.jpg\" data-rel=\"lightbox-image-4\" data-rl_title=\"\" data-rl_caption=\"\" title=\"\"><img loading=\"lazy\" decoding=\"async\" class=\"alignleft size-thumbnail wp-image-351\" src=\"http:\/\/www.frsj.pt\/site\/wp-content\/uploads\/2018\/01\/cbesr-150x150.jpg\" alt=\"cbesr\" width=\"150\" height=\"150\" srcset=\"http:\/\/www.frsj.pt\/site\/wp-content\/uploads\/2018\/01\/cbesr-150x150.jpg 150w, http:\/\/www.frsj.pt\/site\/wp-content\/uploads\/2018\/01\/cbesr-300x300.jpg 300w, http:\/\/www.frsj.pt\/site\/wp-content\/uploads\/2018\/01\/cbesr.jpg 350w\" sizes=\"(max-width: 150px) 100vw, 150px\" \/><\/a><\/td><td style=\"border: 0px; text-align: left;\"><strong>Centro de Bem Estar Social do Reguengo<\/strong><br \/><strong>Morada: <\/strong> Largo da Casa do Povo, 7300-405 Reguengo<br \/><strong>Telefone: <\/strong> 245205222<br \/><strong>E-mail: <\/strong> cbesreguengo@sapo.pt<br \/><strong>Site: <\/strong><a href=\"http:\/\/www.centrosocialreguengo.com\">http:\/\/www.centrosocialreguengo.com<\/a><br \/><strong>Facebook: <\/strong><a href=\"https:\/\/www.facebook.com\/CBESR\/\">https:\/\/www.facebook.com\/CBESR\/<\/a><\/td><\/tr><tr style=\"background-color: #fff;\"><td style=\"border: 0px; width: 200px;\"><a href=\"http:\/\/www.frsj.pt\/site\/wp-content\/uploads\/2018\/01\/ccdr.jpg\" data-rel=\"lightbox-image-5\" data-rl_title=\"\" data-rl_caption=\"\" title=\"\"><img loading=\"lazy\" decoding=\"async\" class=\"alignleft size-thumbnail wp-image-352\" src=\"http:\/\/www.frsj.pt\/site\/wp-content\/uploads\/2018\/01\/ccdr-150x150.jpg\" alt=\"ccdr\" width=\"150\" height=\"150\" srcset=\"http:\/\/www.frsj.pt\/site\/wp-content\/uploads\/2018\/01\/ccdr-150x150.jpg 150w, http:\/\/www.frsj.pt\/site\/wp-content\/uploads\/2018\/01\/ccdr-300x300.jpg 300w, http:\/\/www.frsj.pt\/site\/wp-content\/uploads\/2018\/01\/ccdr.jpg 350w\" sizes=\"(max-width: 150px) 100vw, 150px\" \/><\/a><\/td><td style=\"border: 0px; text-align: left;\"><strong>Centro Cultural e Desportivo do Reguengo<\/strong><br \/><strong>Morada: <\/strong> Largo da Casa do Povo, 7300-405 Reguengo<br \/><strong>Telefone: <\/strong> 245205775<br \/><strong>Facebook: <\/strong><a href=\"https:\/\/www.facebook.com\/ccdreguengo.futsal\">https:\/\/www.facebook.com\/ccdreguengo.futsal<\/a><\/td><\/tr><tr style=\"background-color: #fff;\"><td style=\"border: 0px; width: 200px;\">\u00a0<\/td><td style=\"border: 0px; text-align: left;\">\u00a0<\/td><\/tr><tr style=\"background-color: #fff;\"><td style=\"border: 0px; width: 200px;\">\u00a0<\/td><td style=\"border: 0px; text-align: left;\"><strong>Associa\u00e7\u00e3o do Monte Francisco<\/strong><br \/><strong>Morada: <\/strong>Painel do Monte Francisco cx. 15, 7300-451 S\u00e3o Juli\u00e3o<\/td><\/tr><tr style=\"background-color: #fff;\"><td style=\"border: 0px; width: 200px;\">\u00a0<\/td><td style=\"border: 0px; text-align: left;\">\u00a0<\/td><\/tr><\/tbody><\/table>\t\t\t\t\t\t<\/div>\n\t\t\t\t<\/div>\n\t\t\t\t\t<\/div>\n\t\t\t\t<\/div>\n\t\t\t\t<\/div>\n\t\t","protected":false},"excerpt":{"rendered":"<p>Associa\u00e7\u00f5es e Institui\u00e7\u00f5es Associa\u00e7\u00e3o Reguengo JovemMorada: Largo da Igreja, 7300-405 ReguengoE-mail: aj.reguengo@gmail.comFacebook: https:\/\/www.facebook.com\/ajreguengo Associa\u00e7\u00e3o de Ca\u00e7adores da Serra de S\u00e3o MamedeMorada: Largo da Igreja n.\u00ba 20, 7300 \u2013 459 S\u00e3o Juli\u00e3oFacebook: https:\/\/www.facebook.com\/ACSS.Mamede Associa\u00e7\u00e3o de Ca\u00e7adores do Reguengo Associa\u00e7\u00e3o Sete MontesMorada: Barroc\u00e3o N\u00ba 3 \u2013 7300-452 S\u00e3o Juli\u00e3oE-mail: associacao7montes@gmail.comTelefone: 245 964 407Site: http:\/\/www.setemontes.ptFacebook: https:\/\/www.facebook.com\/setemontes.portalegre Centro de Bem Estar Social do ReguengoMorada: Largo da Casa do Povo, 7300-405 ReguengoTelefone: 245205222E-mail: cbesreguengo@sapo.ptSite: http:\/\/www.centrosocialreguengo.comFacebook: https:\/\/www.facebook.com\/CBESR\/ Centro Cultural e Desportivo do ReguengoMorada: Largo da Casa do Povo, 7300-405 ReguengoTelefone: 245205775Facebook: https:\/\/www.facebook.com\/ccdreguengo.futsal \u00a0 \u00a0 \u00a0 Associa\u00e7\u00e3o do Monte FranciscoMorada: Painel do Monte Francisco cx. 15, 7300-451 S\u00e3o Juli\u00e3o \u00a0 \u00a0<\/p>\n","protected":false},"author":1,"featured_media":0,"parent":0,"menu_order":0,"comment_status":"open","ping_status":"open","template":"","meta":{"footnotes":""},"class_list":["post-49","page","type-page","status-publish","hentry"],"_links":{"self":[{"href":"http:\/\/www.frsj.pt\/site\/index.php?rest_route=\/wp\/v2\/pages\/49"}],"collection":[{"href":"http:\/\/www.frsj.pt\/site\/index.php?rest_route=\/wp\/v2\/pages"}],"about":[{"href":"http:\/\/www.frsj.pt\/site\/index.php?rest_route=\/wp\/v2\/types\/page"}],"author":[{"embeddable":true,"href":"http:\/\/www.frsj.pt\/site\/index.php?rest_route=\/wp\/v2\/users\/1"}],"replies":[{"embeddable":true,"href":"http:\/\/www.frsj.pt\/site\/index.php?rest_route=%2Fwp%2Fv2%2Fcomments&post=49"}],"version-history":[{"count":49,"href":"http:\/\/www.frsj.pt\/site\/index.php?rest_route=\/wp\/v2\/pages\/49\/revisions"}],"predecessor-version":[{"id":2323,"href":"http:\/\/www.frsj.pt\/site\/index.php?rest_route=\/wp\/v2\/pages\/49\/revisions\/2323"}],"wp:attachment":[{"href":"http:\/\/www.frsj.pt\/site\/index.php?rest_route=%2Fwp%2Fv2%2Fmedia&parent=49"}],"curies":[{"name":"wp","href":"https:\/\/api.w.org\/{rel}","templated":true}]}}