{"id":62,"date":"2015-01-20T23:12:26","date_gmt":"2015-01-20T23:12:26","guid":{"rendered":"http:\/\/www.frsj.pt\/site\/?page_id=62"},"modified":"2024-09-27T11:32:41","modified_gmt":"2024-09-27T11:32:41","slug":"museu","status":"publish","type":"page","link":"http:\/\/www.frsj.pt\/site\/?page_id=62","title":{"rendered":"Museu &#8211; Colec\u00e7\u00e3o Em\u00edlio Relvas"},"content":{"rendered":"\t\t<div data-elementor-type=\"wp-page\" data-elementor-id=\"62\" class=\"elementor elementor-62\">\n\t\t\t\t<div class=\"elementor-element elementor-element-850fab4 e-flex e-con-boxed wpr-particle-no wpr-jarallax-no wpr-parallax-no wpr-sticky-section-no e-con e-parent\" data-id=\"850fab4\" data-element_type=\"container\">\n\t\t\t\t\t<div class=\"e-con-inner\">\n\t\t\t\t<div class=\"elementor-element elementor-element-e600967 elementor-widget elementor-widget-heading\" data-id=\"e600967\" data-element_type=\"widget\" data-widget_type=\"heading.default\">\n\t\t\t\t<div class=\"elementor-widget-container\">\n\t\t\t<h2 class=\"elementor-heading-title elementor-size-default\">Museu<\/h2>\t\t<\/div>\n\t\t\t\t<\/div>\n\t\t\t\t\t<\/div>\n\t\t\t\t<\/div>\n\t\t<div class=\"elementor-element elementor-element-086ce6c e-flex e-con-boxed wpr-particle-no wpr-jarallax-no wpr-parallax-no wpr-sticky-section-no e-con e-parent\" data-id=\"086ce6c\" data-element_type=\"container\">\n\t\t\t\t\t<div class=\"e-con-inner\">\n\t\t\t\t\t<\/div>\n\t\t\t\t<\/div>\n\t\t<div class=\"elementor-element elementor-element-5dd68a6c e-flex e-con-boxed wpr-particle-no wpr-jarallax-no wpr-parallax-no wpr-sticky-section-no e-con e-parent\" data-id=\"5dd68a6c\" data-element_type=\"container\">\n\t\t\t\t\t<div class=\"e-con-inner\">\n\t\t\t\t<div class=\"elementor-element elementor-element-2a51fdb6 elementor-widget elementor-widget-text-editor\" data-id=\"2a51fdb6\" data-element_type=\"widget\" data-widget_type=\"text-editor.default\">\n\t\t\t\t<div class=\"elementor-widget-container\">\n\t\t\t\t\t\t\t<h3>O Artista<\/h3><p>Em\u00ed<a href=\"http:\/\/www.frsj.pt\/site\/wp-content\/uploads\/2015\/01\/brunocalha_foto-0066.jpg\" data-rel=\"lightbox-image-0\" data-rl_title=\"\" data-rl_caption=\"\" title=\"\"><img decoding=\"async\" class=\"alignleft  wp-image-260\" src=\"http:\/\/www.frsj.pt\/site\/wp-content\/uploads\/2015\/01\/brunocalha_foto-0066-300x200.jpg\" alt=\"Sr_Emilio\" width=\"164\" height=\"109\" srcset=\"http:\/\/www.frsj.pt\/site\/wp-content\/uploads\/2015\/01\/brunocalha_foto-0066-300x200.jpg 300w, http:\/\/www.frsj.pt\/site\/wp-content\/uploads\/2015\/01\/brunocalha_foto-0066.jpg 1000w\" sizes=\"(max-width: 164px) 100vw, 164px\" \/><\/a>lio Miranda Relvas, natural de Reguengo, foi um artista popular de excel\u00eancia tendo ao longo de v\u00e1rios anos expressado as suas viv\u00eancias, gostos, cren\u00e7as e at\u00e9 fantasias atrav\u00e9s de pe\u00e7as em madeira esculpida.<\/p><p>Em\u00edlio Relvas, conhecido por \u201c<i>Canas<\/i>\u201d faleceu em dois mil e cinco com oitenta e oito anos de idade. Em pouco mais de vinte anos, j\u00e1 durante a sua reforma, descobriu por mero acaso o dom de trabalhar a madeira manualmente com o canivete. Era pessoa de f\u00e1cil trato e por todos acarinhado.<\/p><p>De suas m\u00e3os nasceram mais de mil pe\u00e7as, de diferentes formas e tamanhos a partir de v\u00e1rios tipos de madeira e at\u00e9 mesmo de ra\u00edzes. Cada pe\u00e7a \u00e9 \u00fanica e a forma natural da madeira era o ponto de partida para a sua execu\u00e7\u00e3o.<\/p><p>\u00a0<\/p><h3>A Cole\u00e7\u00e3o<\/h3><p>A cole\u00e7\u00e3o Em\u00edlio Relvas encontra-se divida em quatro tem\u00e1ticas. Assim, temos \u201c<i>O Quotidiano e a Festa<\/i>\u201d , \u201c<i>Besti\u00e1rio Fant\u00e1stico<\/i>\u201d, \u201c<i>Imagens de Cristo<\/i>\u201d\u00a0 e <i>\u201cImagens da Virgem e dos Santos\u201d.<\/i><\/p><p>Ao longo da visita entramos no mundo de Em\u00edlio Relvas e passamos pelas suas viv\u00eancias di\u00e1rias, em aut\u00eanticos \u201cretratos\u201d da vida de outros tempos.<\/p><p>Animais e homens s\u00e3o parte integrante das suas pe\u00e7as, assumindo, por vezes formas \u201cfant\u00e1sticas\u201d.<\/p><p>Para Em\u00edlio Relvas, homem de fortes cren\u00e7as religiosas, Jesus Cristo assume um papel de relev\u00e2ncia na sua obra, constituindo a tem\u00e1tica mais numerosa.<\/p><p>Al\u00e9m de Imagens de Cristo, tamb\u00e9m imagens da Virgem Maria e de santos, como S. Ant\u00f3nio, S. Jo\u00e3o e S. Mamede , que dizia ser seu protetor, revelam toda a sua religiosidade.<\/p>[espro-slider id=262]<h3>Hor\u00e1rios<\/h3><p><b>Dias de Abertura e Hor\u00e1rio das Visitas<\/b>:<\/p><p>De Segunda a Sexta-Feira<\/p><p>09H30 \u2013 12H30<\/p><p>14H00 \u2013 17H00<\/p><p>1.\u00ba S\u00e1bado de cada m\u00eas<\/p><p>14H00 -18H00<\/p><p>\u00a0<\/p><p>Encerra domingos, Feriados e restantes s\u00e1bados do m\u00eas<\/p><p><strong>Notas:<\/strong><\/p><p>&#8211; Visitas de Grupo requerem marca\u00e7\u00e3o pr\u00e9via;<\/p><p>&#8211; Visitas nos s\u00e1bados, sem ser o 1.\u00ba s\u00e1bado do m\u00eas, s\u00f3 por marca\u00e7\u00e3o pr\u00e9via<\/p><p>(at\u00e9 5 dias de anteced\u00eancia)<\/p><p>\u00a0<\/p><h3>Localiza\u00e7\u00e3o<\/h3><p><strong>Morada:<\/strong> Rua da Carreira, 7300-404 Reguengo (Edif\u00edcio da Junta de Freguesia)<\/p><p><strong>Telefone:<\/strong> 245 208 954<\/p><p><strong>Telem\u00f3vel:<\/strong> 969 848 741<\/p><p><strong>E-mail:<\/strong> museu.emiliorelvas@frsj.pt<\/p><p>\u00a0<\/p>\t\t\t\t\t\t<\/div>\n\t\t\t\t<\/div>\n\t\t\t\t\t<\/div>\n\t\t\t\t<\/div>\n\t\t\t\t<\/div>\n\t\t","protected":false},"excerpt":{"rendered":"<p>Museu O Artista Em\u00edlio Miranda Relvas, natural de Reguengo, foi um artista popular de excel\u00eancia tendo ao longo de v\u00e1rios anos expressado as suas viv\u00eancias, gostos, cren\u00e7as e at\u00e9 fantasias atrav\u00e9s de pe\u00e7as em madeira esculpida. Em\u00edlio Relvas, conhecido por \u201cCanas\u201d faleceu em dois mil e cinco com oitenta e oito anos de idade. Em pouco mais de vinte anos, j\u00e1 durante a sua reforma, descobriu por mero acaso o dom de trabalhar a madeira manualmente com o canivete. Era pessoa de f\u00e1cil trato e por todos acarinhado. De suas m\u00e3os nasceram mais de mil pe\u00e7as, de diferentes formas e tamanhos a partir de v\u00e1rios tipos de madeira e at\u00e9 mesmo de ra\u00edzes. Cada pe\u00e7a \u00e9 \u00fanica e a forma natural da madeira era o ponto de partida para a sua execu\u00e7\u00e3o. \u00a0 A Cole\u00e7\u00e3o A cole\u00e7\u00e3o Em\u00edlio Relvas encontra-se divida em quatro tem\u00e1ticas. Assim, temos \u201cO Quotidiano e a Festa\u201d , \u201cBesti\u00e1rio Fant\u00e1stico\u201d, \u201cImagens de Cristo\u201d\u00a0 e \u201cImagens da Virgem e dos Santos\u201d. Ao longo da visita entramos no mundo de Em\u00edlio Relvas e passamos pelas suas viv\u00eancias di\u00e1rias, em aut\u00eanticos \u201cretratos\u201d da vida de outros tempos. Animais e homens s\u00e3o parte integrante das suas pe\u00e7as, assumindo, por vezes formas \u201cfant\u00e1sticas\u201d. Para Em\u00edlio Relvas, homem de fortes cren\u00e7as religiosas, Jesus Cristo assume um papel de relev\u00e2ncia na sua obra, constituindo a tem\u00e1tica mais numerosa. Al\u00e9m de Imagens de Cristo, tamb\u00e9m imagens da Virgem Maria e de santos, como S. Ant\u00f3nio, S. Jo\u00e3o e S. Mamede , que dizia ser seu protetor, revelam toda a sua religiosidade. [espro-slider id=262] Hor\u00e1rios Dias de Abertura e Hor\u00e1rio das Visitas: De Segunda a Sexta-Feira 09H30 \u2013 12H30 14H00 \u2013 17H00 1.\u00ba S\u00e1bado de cada m\u00eas 14H00 -18H00 \u00a0 Encerra domingos, Feriados e restantes s\u00e1bados do m\u00eas Notas: &#8211; Visitas de Grupo requerem marca\u00e7\u00e3o pr\u00e9via; &#8211; Visitas nos s\u00e1bados, sem ser o 1.\u00ba s\u00e1bado do m\u00eas, s\u00f3 por marca\u00e7\u00e3o pr\u00e9via (at\u00e9 5 dias de anteced\u00eancia) \u00a0 Localiza\u00e7\u00e3o Morada: Rua da Carreira, 7300-404 Reguengo (Edif\u00edcio da Junta de Freguesia) Telefone: 245 208 954 Telem\u00f3vel: 969 848 741 E-mail: museu.emiliorelvas@frsj.pt \u00a0<\/p>\n","protected":false},"author":1,"featured_media":0,"parent":0,"menu_order":0,"comment_status":"open","ping_status":"open","template":"","meta":{"footnotes":""},"class_list":["post-62","page","type-page","status-publish","hentry"],"_links":{"self":[{"href":"http:\/\/www.frsj.pt\/site\/index.php?rest_route=\/wp\/v2\/pages\/62"}],"collection":[{"href":"http:\/\/www.frsj.pt\/site\/index.php?rest_route=\/wp\/v2\/pages"}],"about":[{"href":"http:\/\/www.frsj.pt\/site\/index.php?rest_route=\/wp\/v2\/types\/page"}],"author":[{"embeddable":true,"href":"http:\/\/www.frsj.pt\/site\/index.php?rest_route=\/wp\/v2\/users\/1"}],"replies":[{"embeddable":true,"href":"http:\/\/www.frsj.pt\/site\/index.php?rest_route=%2Fwp%2Fv2%2Fcomments&post=62"}],"version-history":[{"count":25,"href":"http:\/\/www.frsj.pt\/site\/index.php?rest_route=\/wp\/v2\/pages\/62\/revisions"}],"predecessor-version":[{"id":2338,"href":"http:\/\/www.frsj.pt\/site\/index.php?rest_route=\/wp\/v2\/pages\/62\/revisions\/2338"}],"wp:attachment":[{"href":"http:\/\/www.frsj.pt\/site\/index.php?rest_route=%2Fwp%2Fv2%2Fmedia&parent=62"}],"curies":[{"name":"wp","href":"https:\/\/api.w.org\/{rel}","templated":true}]}}