{"id":9,"date":"2015-01-18T21:26:50","date_gmt":"2015-01-18T21:26:50","guid":{"rendered":"http:\/\/www.frsj.pt\/site\/?page_id=9"},"modified":"2025-11-21T16:53:28","modified_gmt":"2025-11-21T16:53:28","slug":"o-executivo","status":"publish","type":"page","link":"http:\/\/www.frsj.pt\/site\/?page_id=9","title":{"rendered":"O Executivo"},"content":{"rendered":"\t\t<div data-elementor-type=\"wp-page\" data-elementor-id=\"9\" class=\"elementor elementor-9\">\n\t\t\t\t<div class=\"elementor-element elementor-element-92931d9 e-flex e-con-boxed wpr-particle-no wpr-jarallax-no wpr-parallax-no wpr-sticky-section-no e-con e-parent\" data-id=\"92931d9\" data-element_type=\"container\">\n\t\t\t\t\t<div class=\"e-con-inner\">\n\t\t\t\t<div class=\"elementor-element elementor-element-8403d89 elementor-widget elementor-widget-heading\" data-id=\"8403d89\" data-element_type=\"widget\" data-widget_type=\"heading.default\">\n\t\t\t\t<div class=\"elementor-widget-container\">\n\t\t\t<h2 class=\"elementor-heading-title elementor-size-default\">O Executivo<\/h2>\t\t<\/div>\n\t\t\t\t<\/div>\n\t\t\t\t\t<\/div>\n\t\t\t\t<\/div>\n\t\t<div class=\"elementor-element elementor-element-579a76f e-flex e-con-boxed wpr-particle-no wpr-jarallax-no wpr-parallax-no wpr-sticky-section-no e-con e-parent\" data-id=\"579a76f\" data-element_type=\"container\">\n\t\t\t\t\t<div class=\"e-con-inner\">\n\t\t\t\t\t<\/div>\n\t\t\t\t<\/div>\n\t\t<div class=\"elementor-element elementor-element-429a7081 e-flex e-con-boxed wpr-particle-no wpr-jarallax-no wpr-parallax-no wpr-sticky-section-no e-con e-parent\" data-id=\"429a7081\" data-element_type=\"container\">\n\t\t\t\t\t<div class=\"e-con-inner\">\n\t\t\t\t<div class=\"elementor-element elementor-element-2739d404 elementor-widget elementor-widget-text-editor\" data-id=\"2739d404\" data-element_type=\"widget\" data-widget_type=\"text-editor.default\">\n\t\t\t\t<div class=\"elementor-widget-container\">\n\t\t\t\t\t\t\t<ul style=\"font-weight: 400;\"><li><strong><span style=\"font-weight: 400;\">Ap\u00f3s as elei\u00e7\u00f5es Aut\u00e1rquicas de 26 de setembro de 2021, o Executivo da Uni\u00e3o das Freguesias de Reguengo e S. Juli\u00e3o \u00e9 o seguinte:<\/span><\/strong><\/li><\/ul><p><strong>Presidente:<\/strong> Jorge Manuel Gar\u00e7\u00e3o Morais\u00a0<\/p><p><strong>Secret\u00e1rio:<\/strong> Jo\u00e3o Maria da Silva Carvalho<\/p><p><strong>Tesoureiro:<\/strong> Helena Isabel Filipe Morais<\/p><h3><strong>Mensagem do Presidente<\/strong><\/h3><p style=\"font-weight: 400;\">Gostaria de deixar, em primeiro lugar, uma sauda\u00e7\u00e3o boas-vindas, enquanto Presidente da Uni\u00e3o das Freguesias de Reguengo e S. Juli\u00e3o, a todos quantos consultam o site desta Freguesia.<\/p><p style=\"font-weight: 400;\">Mais do que um site institucional, pretendemos aproximar as pessoas dos nossos servi\u00e7os e divulgar ao mesmo tempo o nosso territ\u00f3rio.<\/p><p style=\"font-weight: 400;\">Desde j\u00e1 deixo a todos o convite para que visitem o nosso territ\u00f3rio e conhe\u00e7am um local \u00fanico cheio de potencialidades a v\u00e1rios n\u00edveis.<\/p><p style=\"font-weight: 400;\">Esperamos por todos v\u00f3s quer seja em lazer ou mesmo em trabalho.<\/p><p style=\"font-weight: 400;\">Jorge Morais<\/p>\t\t\t\t\t\t<\/div>\n\t\t\t\t<\/div>\n\t\t\t\t\t<\/div>\n\t\t\t\t<\/div>\n\t\t\t\t<\/div>\n\t\t","protected":false},"excerpt":{"rendered":"<p>O Executivo Ap\u00f3s as elei\u00e7\u00f5es Aut\u00e1rquicas de 26 de setembro de 2021, o Executivo da Uni\u00e3o das Freguesias de Reguengo e S. Juli\u00e3o \u00e9 o seguinte: Presidente: Jorge Manuel Gar\u00e7\u00e3o Morais\u00a0 Secret\u00e1rio: Jo\u00e3o Maria da Silva Carvalho Tesoureiro: Helena Isabel Filipe Morais Mensagem do Presidente Gostaria de deixar, em primeiro lugar, uma sauda\u00e7\u00e3o boas-vindas, enquanto Presidente da Uni\u00e3o das Freguesias de Reguengo e S. Juli\u00e3o, a todos quantos consultam o site desta Freguesia. Mais do que um site institucional, pretendemos aproximar as pessoas dos nossos servi\u00e7os e divulgar ao mesmo tempo o nosso territ\u00f3rio. Desde j\u00e1 deixo a todos o convite para que visitem o nosso territ\u00f3rio e conhe\u00e7am um local \u00fanico cheio de potencialidades a v\u00e1rios n\u00edveis. Esperamos por todos v\u00f3s quer seja em lazer ou mesmo em trabalho. Jorge Morais<\/p>\n","protected":false},"author":1,"featured_media":0,"parent":0,"menu_order":0,"comment_status":"open","ping_status":"open","template":"","meta":{"footnotes":""},"class_list":["post-9","page","type-page","status-publish","hentry"],"_links":{"self":[{"href":"http:\/\/www.frsj.pt\/site\/index.php?rest_route=\/wp\/v2\/pages\/9"}],"collection":[{"href":"http:\/\/www.frsj.pt\/site\/index.php?rest_route=\/wp\/v2\/pages"}],"about":[{"href":"http:\/\/www.frsj.pt\/site\/index.php?rest_route=\/wp\/v2\/types\/page"}],"author":[{"embeddable":true,"href":"http:\/\/www.frsj.pt\/site\/index.php?rest_route=\/wp\/v2\/users\/1"}],"replies":[{"embeddable":true,"href":"http:\/\/www.frsj.pt\/site\/index.php?rest_route=%2Fwp%2Fv2%2Fcomments&post=9"}],"version-history":[{"count":20,"href":"http:\/\/www.frsj.pt\/site\/index.php?rest_route=\/wp\/v2\/pages\/9\/revisions"}],"predecessor-version":[{"id":2716,"href":"http:\/\/www.frsj.pt\/site\/index.php?rest_route=\/wp\/v2\/pages\/9\/revisions\/2716"}],"wp:attachment":[{"href":"http:\/\/www.frsj.pt\/site\/index.php?rest_route=%2Fwp%2Fv2%2Fmedia&parent=9"}],"curies":[{"name":"wp","href":"https:\/\/api.w.org\/{rel}","templated":true}]}}